{"id":17544,"date":"2023-09-15T13:24:02","date_gmt":"2023-09-15T13:24:02","guid":{"rendered":"https:\/\/quickbirdstudios.com\/backup?page_id=17544"},"modified":"2024-08-07T08:45:46","modified_gmt":"2024-08-07T08:45:46","slug":"kontakt","status":"publish","type":"page","link":"https:\/\/quickbirdstudios.com\/de\/kontakt\/","title":{"rendered":"Kontakt"},"content":{"rendered":"<p>[et_pb_section fb_built=&#8220;1&#8243; specialty=&#8220;on&#8220; next_background_color=&#8220;#ffffff&#8220; _builder_version=&#8220;4.17.4&#8243; _module_preset=&#8220;default&#8220; background_enable_color=&#8220;off&#8220; background_image=&#8220;https:\/\/quickbirdstudios.com\/wp-content\/uploads\/2022\/05\/QB_BG1.jpg&#8220; background_enable_video_mp4=&#8220;off&#8220; custom_padding=&#8220;||104px|||&#8220; bottom_divider_style=&#8220;slant&#8220; bottom_divider_height=&#8220;50px&#8220; bottom_divider_repeat=&#8220;1x&#8220; bottom_divider_flip=&#8220;horizontal&#8220; global_colors_info=&#8220;{}&#8220;][et_pb_column type=&#8220;1_2&#8243; specialty_columns=&#8220;2&#8243; _builder_version=&#8220;4.16&#8243; custom_padding=&#8220;|||&#8220; global_colors_info=&#8220;{}&#8220; custom_padding__hover=&#8220;|||&#8220;][et_pb_row_inner _builder_version=&#8220;4.17.4&#8243; _module_preset=&#8220;default&#8220; global_colors_info=&#8220;{}&#8220;][et_pb_column_inner saved_specialty_column_type=&#8220;1_2&#8243; _builder_version=&#8220;4.17.4&#8243; _module_preset=&#8220;default&#8220; global_colors_info=&#8220;{}&#8220;][et_pb_text _builder_version=&#8220;4.17.4&#8243; _module_preset=&#8220;default&#8220; header_text_color=&#8220;#FFFFFF&#8220; custom_margin=&#8220;||5px|||&#8220; global_colors_info=&#8220;{}&#8220;]<\/p>\n<h1>Kontaktieren Sie uns<\/h1>\n<p>[\/et_pb_text][et_pb_text _builder_version=&#8220;4.17.4&#8243; _module_preset=&#8220;default&#8220; text_text_color=&#8220;#FFFFFF&#8220; header_text_color=&#8220;#FFFFFF&#8220; global_colors_info=&#8220;{}&#8220;]Senden Sie uns eine Nachricht oder rufen Sie uns direkt an. Unabha\u0308ngig davon, ob Sie bereits einen konkreten Plan fu\u0308r Ihr App-Projekt haben oder ob es sich bisher nur um eine grobe Idee handelt \u2013 wir helfen Ihnen bei der Umsetzung Ihres Produkts. [\/et_pb_text][\/et_pb_column_inner][\/et_pb_row_inner][\/et_pb_column][et_pb_column type=&#8220;1_2&#8243; _builder_version=&#8220;4.16&#8243; custom_padding=&#8220;|||&#8220; global_colors_info=&#8220;{}&#8220; custom_padding__hover=&#8220;|||&#8220;][\/et_pb_column][\/et_pb_section][et_pb_section fb_built=&#8220;1&#8243; admin_label=&#8220;Contact&#8220; _builder_version=&#8220;4.17.4&#8243; _module_preset=&#8220;default&#8220; custom_padding=&#8220;0px||3px||false|false&#8220; bottom_divider_style=&#8220;slant&#8220; bottom_divider_color=&#8220;RGBA(255,255,255,0)&#8220; bottom_divider_height=&#8220;70px&#8220; bottom_divider_flip=&#8220;horizontal&#8220; bottom_divider_arrangement=&#8220;above_content&#8220; collapsed=&#8220;off&#8220; global_colors_info=&#8220;{}&#8220;][et_pb_row column_structure=&#8220;1_3,2_3&#8243; _builder_version=&#8220;4.16&#8243; custom_padding=&#8220;81px|||||&#8220; global_colors_info=&#8220;{}&#8220;][et_pb_column type=&#8220;1_3&#8243; _builder_version=&#8220;4.16&#8243; custom_padding=&#8220;|||&#8220; global_colors_info=&#8220;{}&#8220; custom_padding__hover=&#8220;|||&#8220;][et_pb_blurb title=&#8220;Adresse&#8220; use_icon=&#8220;on&#8220; font_icon=&#8220;&#xf3c5;||fa||900&#8243; icon_color=&#8220;#41B6E6&#8243; icon_placement=&#8220;left&#8220; image_icon_width=&#8220;32px&#8220; admin_label=&#8220;address&#8220; _builder_version=&#8220;4.21.0&#8243; header_level=&#8220;h2&#8243; header_font=&#8220;|600||on|||||&#8220; header_font_size=&#8220;14px&#8220; header_line_height=&#8220;1.4em&#8220; body_font=&#8220;||||||||&#8220; body_line_height=&#8220;1.8em&#8220; icon_font_size=&#8220;32px&#8220; global_colors_info=&#8220;{}&#8220;]QuickBird GmbH <\/br>Nymphenburgerstr. 13-15<\/br>80335 M\u00fcnchen[\/et_pb_blurb][et_pb_blurb title=&#8220;Telefon&#8220; use_icon=&#8220;on&#8220; font_icon=&#8220;&#xe090;||divi||400&#8243; icon_color=&#8220;#41B6E6&#8243; icon_placement=&#8220;left&#8220; image_icon_width=&#8220;32px&#8220; admin_label=&#8220;Phone number&#8220; _builder_version=&#8220;4.19.1&#8243; header_level=&#8220;h2&#8243; header_font=&#8220;|600||on|||||&#8220; header_font_size=&#8220;14px&#8220; header_line_height=&#8220;1.4em&#8220; body_line_height=&#8220;1.8em&#8220; icon_font_size=&#8220;32px&#8220; global_colors_info=&#8220;{%22gcid-5c3b828b-bb36-4472-8dcc-6ffc367c2582%22:%91%22body_link_text_color__hover%22%93}&#8220; body_link_text_color__hover_enabled=&#8220;on|hover&#8220; body_link_text_color__hover=&#8220;#41b6ef&#8220; body_link_letter_spacing__hover_enabled=&#8220;on|hover&#8220; body_link_letter_spacing__hover=&#8220;1px&#8220;]<span style=\"color: #000000;\"><a style=\"color: #000000;\" href=\"tel:498954998380%20\">+49 (0) 89 54998380  <\/a><\/span> [\/et_pb_blurb][et_pb_blurb title=&#8220;E-Mail Adresse&#8220; url=&#8220;mailto:kontakt@quickbirdmedical.com&#8220; use_icon=&#8220;on&#8220; font_icon=&#8220;&#xe076;||divi||400&#8243; icon_color=&#8220;#41B6E6&#8243; icon_placement=&#8220;left&#8220; image_icon_width=&#8220;32px&#8220; admin_label=&#8220;Email&#8220; _builder_version=&#8220;4.21.0&#8243; header_level=&#8220;h2&#8243; header_font=&#8220;|600||on|||||&#8220; header_font_size=&#8220;14px&#8220; header_line_height=&#8220;1.4em&#8220; body_font=&#8220;||||||||&#8220; body_line_height=&#8220;1.8em&#8220; body_link_font=&#8220;OpenSans-VariableFont_wdthwght||||||||&#8220; icon_font_size=&#8220;32px&#8220; global_colors_info=&#8220;{%22gcid-5c3b828b-bb36-4472-8dcc-6ffc367c2582%22:%91%22body_link_text_color__hover%22%93}&#8220; body_link_letter_spacing__hover_enabled=&#8220;on|hover&#8220; body_link_letter_spacing__hover=&#8220;1px&#8220; body_link_text_color__hover_enabled=&#8220;on|hover&#8220; body_link_text_color__hover=&#8220;#41b6ef&#8220;]<span style=\"color: #000000;\"><a style=\"color: #000000;\" href=\"mailto:contact@quickbirdstudios.com\">contact@quickbirdstudios.com<\/a><\/span> [\/et_pb_blurb][\/et_pb_column][et_pb_column type=&#8220;2_3&#8243; _builder_version=&#8220;4.16&#8243; custom_padding=&#8220;|||&#8220; global_colors_info=&#8220;{}&#8220; custom_padding__hover=&#8220;|||&#8220;][et_pb_contact_form captcha=&#8220;off&#8220; email=&#8220;contact@quickbirdstudios.com&#8220; custom_message=&#8220;Nachricht vom Kontakformular von QuickBird Studios: ||et_pb_line_break_holder||Name: %%Name%%: %%Email%%: %%Nachricht%%&#8220; success_message=&#8220;Vielen Dank f\u00fcr Ihre Nachricht! Wir werden uns in K\u00fcrze bei Ihnen melden.&#8220; submit_button_text=&#8220;SENDEN&#8220; module_id=&#8220;et_pb_contact_form_0&#8243; _builder_version=&#8220;4.21.0&#8243; form_field_background_color=&#8220;rgba(243,242,247,0)&#8220; form_field_text_color=&#8220;gcid-c250f7ae-fac3-4cdc-ad8b-6433aed54111&#8243; title_font=&#8220;OpenSans-VariableFont_wdthwght||||||||&#8220; title_text_color=&#8220;gcid-c250f7ae-fac3-4cdc-ad8b-6433aed54111&#8243; captcha_font=&#8220;OpenSans-VariableFont_wdthwght||||||||&#8220; form_field_font=&#8220;OpenSans-VariableFont_wdthwght||||||||&#8220; custom_button=&#8220;on&#8220; button_text_size=&#8220;14px&#8220; button_text_color=&#8220;gcid-c250f7ae-fac3-4cdc-ad8b-6433aed54111&#8243; button_border_width=&#8220;2px&#8220; button_border_color=&#8220;gcid-c250f7ae-fac3-4cdc-ad8b-6433aed54111&#8243; button_border_radius=&#8220;0px&#8220; button_letter_spacing=&#8220;1px&#8220; button_font=&#8220;|600||on|||||&#8220; button_use_icon=&#8220;off&#8220; custom_margin=&#8220;|||&#8220; custom_padding=&#8220;|||&#8220; button_letter_spacing_tablet=&#8220;&#8220; button_letter_spacing_phone=&#8220;&#8220; button_letter_spacing_last_edited=&#8220;on|desktop&#8220; border_width_all=&#8220;1px&#8220; border_color_all=&#8220;gcid-c250f7ae-fac3-4cdc-ad8b-6433aed54111&#8243; input_border_radius=&#8220;0px&#8220; form_background_color=&#8220;rgba(243,242,247,0)&#8220; global_colors_info=&#8220;{%22gcid-c250f7ae-fac3-4cdc-ad8b-6433aed54111%22:%91%22title_text_color%22,%22button_border_color%22,%22button_text_color%22,%22form_field_text_color%22,%22border_color_all%22%93,%22gcid-5c3b828b-bb36-4472-8dcc-6ffc367c2582%22:%91%22button_bg_color__hover%22,%22button_border_color__hover%22%93,%22gcid-7963003b-4cfd-459b-86fb-86b7314630b1%22:%91%22button_text_color__hover%22%93}&#8220; button_letter_spacing__hover_enabled=&#8220;on&#8220; button_letter_spacing__hover=&#8220;2px&#8220; button_letter_spacing__hover_last_edited=&#8220;on|desktop&#8220; button_letter_spacing__hover_tablet=&#8220;2px&#8220; button_letter_spacing__hover_phone=&#8220;2px&#8220; button_bg_color__hover_enabled=&#8220;on|hover&#8220; button_bg_color__hover=&#8220;#41b6ef&#8220; button_bg_enable_color__hover=&#8220;on&#8220; button_text_color__hover_enabled=&#8220;on|hover&#8220; button_text_color__hover=&#8220;#ffffff&#8220; button_border_color__hover_enabled=&#8220;on|hover&#8220; button_border_color__hover=&#8220;#41b6ef&#8220;][et_pb_contact_field field_id=&#8220;Name&#8220; field_title=&#8220;Name&#8220; _builder_version=&#8220;4.17.4&#8243; form_field_font=&#8220;||||||||&#8220; use_border_color=&#8220;on&#8220; border_color=&#8220;#dddddd&#8220; border_width=&#8220;2px&#8220; input_border_radius=&#8220;100px&#8220; global_colors_info=&#8220;{}&#8220; button_text_size__hover_enabled=&#8220;off&#8220; button_one_text_size__hover_enabled=&#8220;off&#8220; button_two_text_size__hover_enabled=&#8220;off&#8220; button_text_color__hover_enabled=&#8220;off&#8220; button_one_text_color__hover_enabled=&#8220;off&#8220; button_two_text_color__hover_enabled=&#8220;off&#8220; button_border_width__hover_enabled=&#8220;off&#8220; button_one_border_width__hover_enabled=&#8220;off&#8220; button_two_border_width__hover_enabled=&#8220;off&#8220; button_border_color__hover_enabled=&#8220;off&#8220; button_one_border_color__hover_enabled=&#8220;off&#8220; button_two_border_color__hover_enabled=&#8220;off&#8220; button_border_radius__hover_enabled=&#8220;off&#8220; button_one_border_radius__hover_enabled=&#8220;off&#8220; button_two_border_radius__hover_enabled=&#8220;off&#8220; button_letter_spacing__hover_enabled=&#8220;off&#8220; button_one_letter_spacing__hover_enabled=&#8220;off&#8220; button_two_letter_spacing__hover_enabled=&#8220;off&#8220; button_bg_color__hover_enabled=&#8220;off&#8220; button_one_bg_color__hover_enabled=&#8220;off&#8220; button_two_bg_color__hover_enabled=&#8220;off&#8220;][\/et_pb_contact_field][et_pb_contact_field field_id=&#8220;Email&#8220; field_title=&#8220;E-Mail&#8220; field_type=&#8220;email&#8220; _builder_version=&#8220;4.21.0&#8243; form_field_font=&#8220;||||||||&#8220; use_border_color=&#8220;on&#8220; border_color=&#8220;#dddddd&#8220; border_width=&#8220;2px&#8220; input_border_radius=&#8220;100px&#8220; global_colors_info=&#8220;{}&#8220; button_text_size__hover_enabled=&#8220;off&#8220; button_one_text_size__hover_enabled=&#8220;off&#8220; button_two_text_size__hover_enabled=&#8220;off&#8220; button_text_color__hover_enabled=&#8220;off&#8220; button_one_text_color__hover_enabled=&#8220;off&#8220; button_two_text_color__hover_enabled=&#8220;off&#8220; button_border_width__hover_enabled=&#8220;off&#8220; button_one_border_width__hover_enabled=&#8220;off&#8220; button_two_border_width__hover_enabled=&#8220;off&#8220; button_border_color__hover_enabled=&#8220;off&#8220; button_one_border_color__hover_enabled=&#8220;off&#8220; button_two_border_color__hover_enabled=&#8220;off&#8220; button_border_radius__hover_enabled=&#8220;off&#8220; button_one_border_radius__hover_enabled=&#8220;off&#8220; button_two_border_radius__hover_enabled=&#8220;off&#8220; button_letter_spacing__hover_enabled=&#8220;off&#8220; button_one_letter_spacing__hover_enabled=&#8220;off&#8220; button_two_letter_spacing__hover_enabled=&#8220;off&#8220; button_bg_color__hover_enabled=&#8220;off&#8220; button_one_bg_color__hover_enabled=&#8220;off&#8220; button_two_bg_color__hover_enabled=&#8220;off&#8220;][\/et_pb_contact_field][et_pb_contact_field field_id=&#8220;Nachricht&#8220; field_title=&#8220;Nachricht&#8220; field_type=&#8220;text&#8220; fullwidth_field=&#8220;on&#8220; _builder_version=&#8220;4.17.4&#8243; use_border_color=&#8220;on&#8220; border_color=&#8220;#dddddd&#8220; border_width=&#8220;2px&#8220; input_border_radius=&#8220;17px&#8220; global_colors_info=&#8220;{}&#8220; button_text_size__hover_enabled=&#8220;off&#8220; button_one_text_size__hover_enabled=&#8220;off&#8220; button_two_text_size__hover_enabled=&#8220;off&#8220; button_text_color__hover_enabled=&#8220;off&#8220; button_one_text_color__hover_enabled=&#8220;off&#8220; button_two_text_color__hover_enabled=&#8220;off&#8220; button_border_width__hover_enabled=&#8220;off&#8220; button_one_border_width__hover_enabled=&#8220;off&#8220; button_two_border_width__hover_enabled=&#8220;off&#8220; button_border_color__hover_enabled=&#8220;off&#8220; button_one_border_color__hover_enabled=&#8220;off&#8220; button_two_border_color__hover_enabled=&#8220;off&#8220; button_border_radius__hover_enabled=&#8220;off&#8220; button_one_border_radius__hover_enabled=&#8220;off&#8220; button_two_border_radius__hover_enabled=&#8220;off&#8220; button_letter_spacing__hover_enabled=&#8220;off&#8220; button_one_letter_spacing__hover_enabled=&#8220;off&#8220; button_two_letter_spacing__hover_enabled=&#8220;off&#8220; button_bg_color__hover_enabled=&#8220;off&#8220; button_one_bg_color__hover_enabled=&#8220;off&#8220; button_two_bg_color__hover_enabled=&#8220;off&#8220;][\/et_pb_contact_field][et_pb_contact_field field_id=&#8220;data_policy&#8220; field_title=&#8220;Einverst\u00e4ndniserkl\u00e4rung&#8220; field_type=&#8220;checkbox&#8220; checkbox_options=&#8220;%91{%22value%22:%22Ich bin damit einverstanden, dass meine Daten aus dem Kontaktformular zur Beantwortung meiner Anfrage erhoben und verarbeitet werden. Die Daten werden gel\u00f6scht, nachdem die Bearbeitung Ihrer Anfrage abgeschlossen ist. Hinweis: Sie k\u00f6nnen Ihre Einwilligung jederzeit f\u00fcr die Zukunft widerrufen, indem Sie eine E-Mail an contact@quickbirdstudios.com senden. Detaillierte Informationen \u00fcber den Umgang mit Benutzerdaten finden Sie in unserer Datenschutzerkl\u00e4rung.%22,%22checked%22:0,%22dragID%22:-1,%22link_url%22:%22\\\/data-policy\\\/%22,%22link_text%22:%22%22}%93&#8243; fullwidth_field=&#8220;on&#8220; _builder_version=&#8220;4.19.1&#8243; form_field_font=&#8220;OpenSans-VariableFont_wdthwght||||||||&#8220; form_field_font_size=&#8220;14px&#8220; link_option_url_new_window=&#8220;on&#8220; form_field_font_size_tablet=&#8220;12px&#8220; form_field_font_size_phone=&#8220;12px&#8220; global_colors_info=&#8220;{}&#8220;][\/et_pb_contact_field][\/et_pb_contact_form][\/et_pb_column][\/et_pb_row][\/et_pb_section][et_pb_section fb_built=&#8220;1&#8243; prev_background_color=&#8220;#ffffff&#8220; _builder_version=&#8220;4.19.1&#8243; _module_preset=&#8220;default&#8220; background_image=&#8220;https:\/\/quickbirdstudios.com\/wp-content\/uploads\/2022\/11\/MapQBOffice-1.png&#8220; custom_padding=&#8220;||436px|||&#8220; top_divider_style=&#8220;slant&#8220; top_divider_height=&#8220;50px&#8220; top_divider_flip=&#8220;horizontal&#8220; bottom_divider_style=&#8220;slant&#8220; bottom_divider_color=&#8220;gcid-c250f7ae-fac3-4cdc-ad8b-6433aed54111&#8243; bottom_divider_height=&#8220;50px&#8220; bottom_divider_flip=&#8220;horizontal&#8220; link_option_url=&#8220;https:\/\/goo.gl\/maps\/KRVhzK4SMTa6MRVK8&#8243; link_option_url_new_window=&#8220;on&#8220; global_colors_info=&#8220;{%22gcid-c250f7ae-fac3-4cdc-ad8b-6433aed54111%22:%91%22bottom_divider_color%22%93}&#8220;][\/et_pb_section]<\/p>\n","protected":false},"excerpt":{"rendered":"<p>Kontaktieren Sie uns Senden Sie uns eine Nachricht oder rufen Sie uns direkt an. Unabha\u0308ngig davon, ob Sie bereits einen konkreten Plan fu\u0308r Ihr App-Projekt haben oder ob es sich bisher nur um eine grobe Idee handelt \u2013 wir helfen Ihnen bei der Umsetzung Ihres Produkts. QuickBird GmbH Nymphenburgerstr. 13-1580335 M\u00fcnchen+49 (0) 89 54998380 contact@quickbirdstudios.com<\/p>\n","protected":false},"author":13,"featured_media":0,"parent":0,"menu_order":0,"comment_status":"closed","ping_status":"closed","template":"","meta":{"_et_pb_use_builder":"on","_et_pb_old_content":"","_et_gb_content_width":"","footnotes":""},"dipi_cpt_category":[],"class_list":["post-17544","page","type-page","status-publish","hentry"],"yoast_head":"<!-- This site is optimized with the Yoast SEO plugin v25.0 - https:\/\/yoast.com\/wordpress\/plugins\/seo\/ -->\n<title>Kontakt - QuickBird Studios<\/title>\n<meta name=\"description\" content=\"Senden Sie uns eine Nachricht oder rufen Sie uns direkt an. Wir helfen Ihnen bei der Umsetzung Ihres App-Projekts.\" \/>\n<meta name=\"robots\" content=\"index, follow, max-snippet:-1, max-image-preview:large, max-video-preview:-1\" \/>\n<link rel=\"canonical\" href=\"https:\/\/quickbirdstudios.com\/de\/kontakt\/\" \/>\n<meta property=\"og:locale\" content=\"de_DE\" \/>\n<meta property=\"og:type\" content=\"article\" \/>\n<meta property=\"og:title\" content=\"Kontakt - QuickBird Studios\" \/>\n<meta property=\"og:description\" content=\"Senden Sie uns eine Nachricht oder rufen Sie uns direkt an. Wir helfen Ihnen bei der Umsetzung Ihres App-Projekts.\" \/>\n<meta property=\"og:url\" content=\"https:\/\/quickbirdstudios.com\/de\/kontakt\/\" \/>\n<meta property=\"og:site_name\" content=\"QuickBird Studios\" \/>\n<meta property=\"article:modified_time\" content=\"2024-08-07T08:45:46+00:00\" \/>\n<meta name=\"twitter:card\" content=\"summary_large_image\" \/>\n<meta name=\"twitter:label1\" content=\"Gesch\u00e4tzte Lesezeit\" \/>\n\t<meta name=\"twitter:data1\" content=\"1\u00a0Minute\" \/>\n<script type=\"application\/ld+json\" class=\"yoast-schema-graph\">{\"@context\":\"https:\/\/schema.org\",\"@graph\":[{\"@type\":\"WebPage\",\"@id\":\"https:\/\/quickbirdstudios.com\/de\/kontakt\/\",\"url\":\"https:\/\/quickbirdstudios.com\/de\/kontakt\/\",\"name\":\"Kontakt - QuickBird Studios\",\"isPartOf\":{\"@id\":\"https:\/\/quickbirdstudios.com\/#website\"},\"datePublished\":\"2023-09-15T13:24:02+00:00\",\"dateModified\":\"2024-08-07T08:45:46+00:00\",\"description\":\"Senden Sie uns eine Nachricht oder rufen Sie uns direkt an. Wir helfen Ihnen bei der Umsetzung Ihres App-Projekts.\",\"breadcrumb\":{\"@id\":\"https:\/\/quickbirdstudios.com\/de\/kontakt\/#breadcrumb\"},\"inLanguage\":\"de\",\"potentialAction\":[{\"@type\":\"ReadAction\",\"target\":[\"https:\/\/quickbirdstudios.com\/de\/kontakt\/\"]}]},{\"@type\":\"BreadcrumbList\",\"@id\":\"https:\/\/quickbirdstudios.com\/de\/kontakt\/#breadcrumb\",\"itemListElement\":[{\"@type\":\"ListItem\",\"position\":1,\"name\":\"Home\",\"item\":\"https:\/\/quickbirdstudios.com\/de\/startseite\/\"},{\"@type\":\"ListItem\",\"position\":2,\"name\":\"Kontakt\"}]},{\"@type\":\"WebSite\",\"@id\":\"https:\/\/quickbirdstudios.com\/#website\",\"url\":\"https:\/\/quickbirdstudios.com\/\",\"name\":\"QuickBird Studios\",\"description\":\"Mobile App Solutions\",\"potentialAction\":[{\"@type\":\"SearchAction\",\"target\":{\"@type\":\"EntryPoint\",\"urlTemplate\":\"https:\/\/quickbirdstudios.com\/?s={search_term_string}\"},\"query-input\":{\"@type\":\"PropertyValueSpecification\",\"valueRequired\":true,\"valueName\":\"search_term_string\"}}],\"inLanguage\":\"de\"}]}<\/script>\n<!-- \/ Yoast SEO plugin. -->","yoast_head_json":{"title":"Kontakt - QuickBird Studios","description":"Senden Sie uns eine Nachricht oder rufen Sie uns direkt an. Wir helfen Ihnen bei der Umsetzung Ihres App-Projekts.","robots":{"index":"index","follow":"follow","max-snippet":"max-snippet:-1","max-image-preview":"max-image-preview:large","max-video-preview":"max-video-preview:-1"},"canonical":"https:\/\/quickbirdstudios.com\/de\/kontakt\/","og_locale":"de_DE","og_type":"article","og_title":"Kontakt - QuickBird Studios","og_description":"Senden Sie uns eine Nachricht oder rufen Sie uns direkt an. Wir helfen Ihnen bei der Umsetzung Ihres App-Projekts.","og_url":"https:\/\/quickbirdstudios.com\/de\/kontakt\/","og_site_name":"QuickBird Studios","article_modified_time":"2024-08-07T08:45:46+00:00","twitter_card":"summary_large_image","twitter_misc":{"Gesch\u00e4tzte Lesezeit":"1\u00a0Minute"},"schema":{"@context":"https:\/\/schema.org","@graph":[{"@type":"WebPage","@id":"https:\/\/quickbirdstudios.com\/de\/kontakt\/","url":"https:\/\/quickbirdstudios.com\/de\/kontakt\/","name":"Kontakt - QuickBird Studios","isPartOf":{"@id":"https:\/\/quickbirdstudios.com\/#website"},"datePublished":"2023-09-15T13:24:02+00:00","dateModified":"2024-08-07T08:45:46+00:00","description":"Senden Sie uns eine Nachricht oder rufen Sie uns direkt an. Wir helfen Ihnen bei der Umsetzung Ihres App-Projekts.","breadcrumb":{"@id":"https:\/\/quickbirdstudios.com\/de\/kontakt\/#breadcrumb"},"inLanguage":"de","potentialAction":[{"@type":"ReadAction","target":["https:\/\/quickbirdstudios.com\/de\/kontakt\/"]}]},{"@type":"BreadcrumbList","@id":"https:\/\/quickbirdstudios.com\/de\/kontakt\/#breadcrumb","itemListElement":[{"@type":"ListItem","position":1,"name":"Home","item":"https:\/\/quickbirdstudios.com\/de\/startseite\/"},{"@type":"ListItem","position":2,"name":"Kontakt"}]},{"@type":"WebSite","@id":"https:\/\/quickbirdstudios.com\/#website","url":"https:\/\/quickbirdstudios.com\/","name":"QuickBird Studios","description":"Mobile App Solutions","potentialAction":[{"@type":"SearchAction","target":{"@type":"EntryPoint","urlTemplate":"https:\/\/quickbirdstudios.com\/?s={search_term_string}"},"query-input":{"@type":"PropertyValueSpecification","valueRequired":true,"valueName":"search_term_string"}}],"inLanguage":"de"}]}},"_links":{"self":[{"href":"https:\/\/quickbirdstudios.com\/de\/wp-json\/wp\/v2\/pages\/17544","targetHints":{"allow":["GET"]}}],"collection":[{"href":"https:\/\/quickbirdstudios.com\/de\/wp-json\/wp\/v2\/pages"}],"about":[{"href":"https:\/\/quickbirdstudios.com\/de\/wp-json\/wp\/v2\/types\/page"}],"author":[{"embeddable":true,"href":"https:\/\/quickbirdstudios.com\/de\/wp-json\/wp\/v2\/users\/13"}],"replies":[{"embeddable":true,"href":"https:\/\/quickbirdstudios.com\/de\/wp-json\/wp\/v2\/comments?post=17544"}],"version-history":[{"count":18,"href":"https:\/\/quickbirdstudios.com\/de\/wp-json\/wp\/v2\/pages\/17544\/revisions"}],"predecessor-version":[{"id":17943,"href":"https:\/\/quickbirdstudios.com\/de\/wp-json\/wp\/v2\/pages\/17544\/revisions\/17943"}],"wp:attachment":[{"href":"https:\/\/quickbirdstudios.com\/de\/wp-json\/wp\/v2\/media?parent=17544"}],"wp:term":[{"taxonomy":"dipi_cpt_category","embeddable":true,"href":"https:\/\/quickbirdstudios.com\/de\/wp-json\/wp\/v2\/dipi_cpt_category?post=17544"}],"curies":[{"name":"wp","href":"https:\/\/api.w.org\/{rel}","templated":true}]}}