{"id":17565,"date":"2022-08-17T11:34:36","date_gmt":"2022-08-17T11:34:36","guid":{"rendered":"https:\/\/quickbirdstudios.com\/backup\/hinweis-zur-website\/"},"modified":"2024-07-31T13:08:29","modified_gmt":"2024-07-31T13:08:29","slug":"impressum","status":"publish","type":"page","link":"https:\/\/quickbirdstudios.com\/de\/impressum\/","title":{"rendered":"Impressum"},"content":{"rendered":"<p>[et_pb_section fb_built=&#8220;1&#8243; specialty=&#8220;on&#8220; next_background_color=&#8220;#FFFFFF&#8220; _builder_version=&#8220;4.17.4&#8243; _module_preset=&#8220;default&#8220; background_enable_color=&#8220;off&#8220; background_image=&#8220;https:\/\/quickbirdstudios.com\/wp-content\/uploads\/2022\/05\/QB_BG1.jpg&#8220; background_enable_video_mp4=&#8220;off&#8220; custom_padding=&#8220;||0px|||&#8220; bottom_divider_style=&#8220;slant&#8220; bottom_divider_height=&#8220;50px&#8220; bottom_divider_repeat=&#8220;1x&#8220; bottom_divider_flip=&#8220;horizontal&#8220; global_colors_info=&#8220;{}&#8220;][et_pb_column type=&#8220;1_2&#8243; specialty_columns=&#8220;2&#8243; _builder_version=&#8220;4.16&#8243; custom_padding=&#8220;|||&#8220; global_colors_info=&#8220;{}&#8220; custom_padding__hover=&#8220;|||&#8220;][\/et_pb_column][et_pb_column type=&#8220;1_2&#8243; _builder_version=&#8220;4.16&#8243; custom_padding=&#8220;|||&#8220; global_colors_info=&#8220;{}&#8220; custom_padding__hover=&#8220;|||&#8220;][\/et_pb_column][\/et_pb_section][et_pb_section fb_built=&#8220;1&#8243; admin_label=&#8220;Feature&#8220; _builder_version=&#8220;4.19.1&#8243; background_color=&#8220;#FFFFFF&#8220; background_color_gradient_start=&#8220;#41B6E6&#8243; background_color_gradient_end=&#8220;#298FC2&#8243; background_image=&#8220;https:\/\/quickbirdstudios.com\/wp-content\/uploads\/2022\/05\/QB_bg4-01-1.svg&#8220; background_size=&#8220;stretch&#8220; custom_margin=&#8220;0px||||false|false&#8220; custom_padding=&#8220;0%||7.2%||false|false&#8220; bottom_divider_color=&#8220;RGBA(255,255,255,0)&#8220; bottom_divider_flip=&#8220;horizontal&#8220; global_colors_info=&#8220;{%22gcid-c250f7ae-fac3-4cdc-ad8b-6433aed54111%22:%91%22bottom_divider_color%22%93}&#8220;][et_pb_row _builder_version=&#8220;4.17.4&#8243; custom_margin=&#8220;||||false|false&#8220; custom_padding=&#8220;50px|0px|68px|0px|false|false&#8220; use_custom_width=&#8220;on&#8220; custom_width_px=&#8220;1324px&#8220; global_colors_info=&#8220;{}&#8220;][et_pb_column type=&#8220;4_4&#8243; _builder_version=&#8220;4.16&#8243; custom_padding=&#8220;|||&#8220; global_colors_info=&#8220;{}&#8220; custom_padding__hover=&#8220;|||&#8220;][et_pb_text _builder_version=&#8220;4.21.0&#8243; text_font=&#8220;OpenSans-Regular||||||||&#8220; text_text_color=&#8220;#000000&#8243; text_line_height=&#8220;1.8em&#8220; header_font=&#8220;Overpass-VariableFont_wght||||||||&#8220; header_text_color=&#8220;#000000&#8243; header_font_size=&#8220;28px&#8220; header_line_height=&#8220;1.4em&#8220; header_2_text_color=&#8220;#000000&#8243; header_2_font_size=&#8220;20px&#8220; header_2_line_height=&#8220;1.4em&#8220; background_layout=&#8220;dark&#8220; width=&#8220;80%&#8220; module_alignment=&#8220;center&#8220; animation_direction=&#8220;bottom&#8220; global_colors_info=&#8220;{}&#8220;]<\/p>\n<h1>Impressum<\/h1>\n<h2>Informationen gem\u00e4\u00df Sect. 5 Deutsches Telemediengesetz (TMG)<\/h2>\n<p>QuickBird GmbH<br \/>Nymphenburgerstr. 13-15<br \/>80335 M\u00fcnchen<\/p>\n<p>Handelsregister: HRB 225211<br \/>Registergericht: Amtsgericht M\u00fcnchen<\/p>\n<p><strong>Vertreten durch:<\/strong><br \/>Stefan Christoph Kofler &amp; Malte Bucksch<\/p>\n<h2>Kontakt<\/h2>\n<p>Telefon: +49 (0) 89 54998380<br \/>E-Mail: kontakt@quickbirdstudios.com<\/p>\n<h2>UMSATZSTEUER-ID<\/h2>\n<p>Umsatzsteuer-Identifikationsnummer gem\u00e4\u00df Sect. 27 a des Umsatzsteuergesetzes:<br \/>DE306016177<\/p>\n<h2>Verantwortliche Person f\u00fcr die Redaktion<\/h2>\n<p>Stefan Christoph Kofler &amp; Malte Bucksch<\/p>\n<h2>EU-Streitbeilegung<\/h2>\n<p>Die Europ\u00e4ische Kommission stellt eine Plattform f\u00fcr die Online-Streitbeilegung (ODR) zur Verf\u00fcgung: <a href=\"https:\/\/ec.europa.eu\/consumers\/odr\/\" target=\"_blank\" rel=\"noopener noreferrer\">https:\/\/ec.europa.eu\/consumers\/odr\/.<\/a><br \/>Unsere E-Mail-Adresse finden Sie oben im Impressum der Website.<\/p>\n<h2>Streitschlichtungsverfahren vor einer Verbraucherschlichtungsstelle<\/h2>\n<p>Wir sind nicht bereit oder verpflichtet, an einem Streitbeilegungsverfahren vor einer Verbraucherschlichtungsstelle teilzunehmen.<\/p>\n<p>[\/et_pb_text][\/et_pb_column][\/et_pb_row][\/et_pb_section]<\/p>\n","protected":false},"excerpt":{"rendered":"<p>Impressum Informationen gem\u00e4\u00df Sect. 5 Deutsches Telemediengesetz (TMG) QuickBird GmbHNymphenburgerstr. 13-1580335 M\u00fcnchen Handelsregister: HRB 225211Registergericht: Amtsgericht M\u00fcnchen Vertreten durch:Stefan Christoph Kofler &amp; Malte Bucksch Kontakt Telefon: +49 (0) 89 54998380E-Mail: kontakt@quickbirdstudios.com UMSATZSTEUER-ID Umsatzsteuer-Identifikationsnummer gem\u00e4\u00df Sect. 27 a des Umsatzsteuergesetzes:DE306016177 Verantwortliche Person f\u00fcr die Redaktion Stefan Christoph Kofler &amp; Malte Bucksch EU-Streitbeilegung Die Europ\u00e4ische Kommission stellt [&hellip;]<\/p>\n","protected":false},"author":3,"featured_media":0,"parent":0,"menu_order":0,"comment_status":"closed","ping_status":"closed","template":"","meta":{"_et_pb_use_builder":"on","_et_pb_old_content":"","_et_gb_content_width":"","footnotes":""},"dipi_cpt_category":[],"class_list":["post-17565","page","type-page","status-publish","hentry"],"yoast_head":"<!-- This site is optimized with the Yoast SEO plugin v25.0 - https:\/\/yoast.com\/wordpress\/plugins\/seo\/ -->\n<title>Impressum - QuickBird Studios<\/title>\n<meta name=\"description\" content=\"Auf dieser Seite finden Sie das Impressum von QuickBird Studios.\" \/>\n<meta name=\"robots\" content=\"index, follow, max-snippet:-1, max-image-preview:large, max-video-preview:-1\" \/>\n<link rel=\"canonical\" href=\"https:\/\/quickbirdstudios.com\/de\/impressum\/\" \/>\n<meta property=\"og:locale\" content=\"de_DE\" \/>\n<meta property=\"og:type\" content=\"article\" \/>\n<meta property=\"og:title\" content=\"Impressum - QuickBird Studios\" \/>\n<meta property=\"og:description\" content=\"Auf dieser Seite finden Sie das Impressum von QuickBird Studios.\" \/>\n<meta property=\"og:url\" content=\"https:\/\/quickbirdstudios.com\/de\/impressum\/\" \/>\n<meta property=\"og:site_name\" content=\"QuickBird Studios\" \/>\n<meta property=\"article:modified_time\" content=\"2024-07-31T13:08:29+00:00\" \/>\n<meta name=\"twitter:card\" content=\"summary_large_image\" \/>\n<meta name=\"twitter:label1\" content=\"Gesch\u00e4tzte Lesezeit\" \/>\n\t<meta name=\"twitter:data1\" content=\"1\u00a0Minute\" \/>\n<script type=\"application\/ld+json\" class=\"yoast-schema-graph\">{\"@context\":\"https:\/\/schema.org\",\"@graph\":[{\"@type\":\"WebPage\",\"@id\":\"https:\/\/quickbirdstudios.com\/de\/impressum\/\",\"url\":\"https:\/\/quickbirdstudios.com\/de\/impressum\/\",\"name\":\"Impressum - QuickBird Studios\",\"isPartOf\":{\"@id\":\"https:\/\/quickbirdstudios.com\/#website\"},\"datePublished\":\"2022-08-17T11:34:36+00:00\",\"dateModified\":\"2024-07-31T13:08:29+00:00\",\"description\":\"Auf dieser Seite finden Sie das Impressum von QuickBird Studios.\",\"breadcrumb\":{\"@id\":\"https:\/\/quickbirdstudios.com\/de\/impressum\/#breadcrumb\"},\"inLanguage\":\"de\",\"potentialAction\":[{\"@type\":\"ReadAction\",\"target\":[\"https:\/\/quickbirdstudios.com\/de\/impressum\/\"]}]},{\"@type\":\"BreadcrumbList\",\"@id\":\"https:\/\/quickbirdstudios.com\/de\/impressum\/#breadcrumb\",\"itemListElement\":[{\"@type\":\"ListItem\",\"position\":1,\"name\":\"Home\",\"item\":\"https:\/\/quickbirdstudios.com\/de\/startseite\/\"},{\"@type\":\"ListItem\",\"position\":2,\"name\":\"Impressum\"}]},{\"@type\":\"WebSite\",\"@id\":\"https:\/\/quickbirdstudios.com\/#website\",\"url\":\"https:\/\/quickbirdstudios.com\/\",\"name\":\"QuickBird Studios\",\"description\":\"Mobile App Solutions\",\"potentialAction\":[{\"@type\":\"SearchAction\",\"target\":{\"@type\":\"EntryPoint\",\"urlTemplate\":\"https:\/\/quickbirdstudios.com\/?s={search_term_string}\"},\"query-input\":{\"@type\":\"PropertyValueSpecification\",\"valueRequired\":true,\"valueName\":\"search_term_string\"}}],\"inLanguage\":\"de\"}]}<\/script>\n<!-- \/ Yoast SEO plugin. -->","yoast_head_json":{"title":"Impressum - QuickBird Studios","description":"Auf dieser Seite finden Sie das Impressum von QuickBird Studios.","robots":{"index":"index","follow":"follow","max-snippet":"max-snippet:-1","max-image-preview":"max-image-preview:large","max-video-preview":"max-video-preview:-1"},"canonical":"https:\/\/quickbirdstudios.com\/de\/impressum\/","og_locale":"de_DE","og_type":"article","og_title":"Impressum - QuickBird Studios","og_description":"Auf dieser Seite finden Sie das Impressum von QuickBird Studios.","og_url":"https:\/\/quickbirdstudios.com\/de\/impressum\/","og_site_name":"QuickBird Studios","article_modified_time":"2024-07-31T13:08:29+00:00","twitter_card":"summary_large_image","twitter_misc":{"Gesch\u00e4tzte Lesezeit":"1\u00a0Minute"},"schema":{"@context":"https:\/\/schema.org","@graph":[{"@type":"WebPage","@id":"https:\/\/quickbirdstudios.com\/de\/impressum\/","url":"https:\/\/quickbirdstudios.com\/de\/impressum\/","name":"Impressum - QuickBird Studios","isPartOf":{"@id":"https:\/\/quickbirdstudios.com\/#website"},"datePublished":"2022-08-17T11:34:36+00:00","dateModified":"2024-07-31T13:08:29+00:00","description":"Auf dieser Seite finden Sie das Impressum von QuickBird Studios.","breadcrumb":{"@id":"https:\/\/quickbirdstudios.com\/de\/impressum\/#breadcrumb"},"inLanguage":"de","potentialAction":[{"@type":"ReadAction","target":["https:\/\/quickbirdstudios.com\/de\/impressum\/"]}]},{"@type":"BreadcrumbList","@id":"https:\/\/quickbirdstudios.com\/de\/impressum\/#breadcrumb","itemListElement":[{"@type":"ListItem","position":1,"name":"Home","item":"https:\/\/quickbirdstudios.com\/de\/startseite\/"},{"@type":"ListItem","position":2,"name":"Impressum"}]},{"@type":"WebSite","@id":"https:\/\/quickbirdstudios.com\/#website","url":"https:\/\/quickbirdstudios.com\/","name":"QuickBird Studios","description":"Mobile App Solutions","potentialAction":[{"@type":"SearchAction","target":{"@type":"EntryPoint","urlTemplate":"https:\/\/quickbirdstudios.com\/?s={search_term_string}"},"query-input":{"@type":"PropertyValueSpecification","valueRequired":true,"valueName":"search_term_string"}}],"inLanguage":"de"}]}},"_links":{"self":[{"href":"https:\/\/quickbirdstudios.com\/de\/wp-json\/wp\/v2\/pages\/17565","targetHints":{"allow":["GET"]}}],"collection":[{"href":"https:\/\/quickbirdstudios.com\/de\/wp-json\/wp\/v2\/pages"}],"about":[{"href":"https:\/\/quickbirdstudios.com\/de\/wp-json\/wp\/v2\/types\/page"}],"author":[{"embeddable":true,"href":"https:\/\/quickbirdstudios.com\/de\/wp-json\/wp\/v2\/users\/3"}],"replies":[{"embeddable":true,"href":"https:\/\/quickbirdstudios.com\/de\/wp-json\/wp\/v2\/comments?post=17565"}],"version-history":[{"count":6,"href":"https:\/\/quickbirdstudios.com\/de\/wp-json\/wp\/v2\/pages\/17565\/revisions"}],"predecessor-version":[{"id":17625,"href":"https:\/\/quickbirdstudios.com\/de\/wp-json\/wp\/v2\/pages\/17565\/revisions\/17625"}],"wp:attachment":[{"href":"https:\/\/quickbirdstudios.com\/de\/wp-json\/wp\/v2\/media?parent=17565"}],"wp:term":[{"taxonomy":"dipi_cpt_category","embeddable":true,"href":"https:\/\/quickbirdstudios.com\/de\/wp-json\/wp\/v2\/dipi_cpt_category?post=17565"}],"curies":[{"name":"wp","href":"https:\/\/api.w.org\/{rel}","templated":true}]}}